{"id":305,"date":"2024-04-03T11:12:55","date_gmt":"2024-04-03T09:12:55","guid":{"rendered":"https:\/\/resologistique.fr\/?page_id=305"},"modified":"2024-04-03T12:10:25","modified_gmt":"2024-04-03T10:10:25","slug":"mentions-legales","status":"publish","type":"page","link":"https:\/\/resologistique.fr\/index.php\/mentions-legales\/","title":{"rendered":"Mentions l\u00e9gales"},"content":{"rendered":"\n<p>Le site accessible \u00e0 l\u2019adresse&nbsp;<a href=\"https:\/\/www.resologistique.fr\" data-type=\"link\" data-id=\"https:\/\/www.resologistique.fr\"><strong>www.resologistique.fr<\/strong><\/a>&nbsp;(le \u00ab Site \u00bb) est destin\u00e9 \u00e0 l\u2019information personnelle des utilisateurs.<\/p>\n\n\n\n<p><\/p>\n\n\n\n<h2 class=\"wp-block-heading\">Editeur<\/h2>\n\n\n\n<p>Le Site est la propri\u00e9t\u00e9 de l\u2019entreprise R\u00e9so Logistique, soci\u00e9t\u00e9 par actions simplifi\u00e9e au capital de 250 000 euros, immatricul\u00e9e au Registre du Commerce et des Soci\u00e9t\u00e9s de NANTERRE sous le num\u00e9ro 537 934 317, dont le si\u00e8ge social est situ\u00e9 au :<\/p>\n\n\n\n<p><em>10 rue du Commandant d&rsquo; Estienne d&rsquo;Orves\u2013 92390 Villeneuve-la-Garenne \u2013 France<br>T\u00e9l. : +33 1 56 04 22 30<\/em><\/p>\n\n\n\n<p>N\u00b0 TVA : FR92537934317<\/p>\n\n\n\n<h2 class=\"wp-block-heading\">Directeur de la publication<\/h2>\n\n\n\n<p>Francis VANUXEM, Chef d\u2019entreprise de R\u00e9so Logistique<\/p>\n\n\n\n<p><\/p>\n\n\n\n<h2 class=\"wp-block-heading\">H\u00e9bergement<\/h2>\n\n\n\n<p><em>Microsoft Ireland Operations<br>Limited One Microsoft Place,<br>South County Business Park, Leopardstown,<br>Dublin 18 D18 P521,<br>Republic of Ireland<br>+353 1 706 3117<\/em><\/p>\n\n\n\n<p>Immatricul\u00e9e au Registre du Commerce et des Soci\u00e9t\u00e9s de Dublin sous le num\u00e9ro 419 423 728.<\/p>\n\n\n\n<p><\/p>\n\n\n\n<h2 class=\"wp-block-heading\">D\u00e9veloppements<\/h2>\n\n\n\n<p>Reso Logistique<br>1<em>0 rue du Commandant d&rsquo; Estienne d&rsquo;Orves<\/em><br><em>92390 Villeneuve-la-Garenne \u2013 France<br>T\u00e9l. : +33 1 56 04 22 30<\/em><\/p>\n\n\n\n<p class=\"has-normal-font-size\"><\/p>\n\n\n\n<h2 class=\"wp-block-heading\">Conditions g\u00e9n\u00e9rales d\u2019utilisation<\/h2>\n\n\n\n<p>Le Site est une \u0153uvre de l\u2019esprit prot\u00e9g\u00e9e par les droits de propri\u00e9t\u00e9 intellectuelle. Toute reproduction ou repr\u00e9sentation, en tout ou partie, \u00e0 d\u2019autres fins sur un quelconque support est interdite sans l\u2019autorisation expresse et pr\u00e9alable de R\u00e9so Logistique et constituerait une contrefa\u00e7on au sens des articles L 335-2 et suivants du code de la propri\u00e9t\u00e9 intellectuelle. Le non-respect de cette interdiction constitue une contrefa\u00e7on pouvant engager la responsabilit\u00e9 civile et p\u00e9nale du contrefacteur.<\/p>\n\n\n\n<p>Le Site et chacun des \u00e9l\u00e9ments qui le composent tels que, notamment marques, textes, illustrations, logos, d\u00e9nominations sociales, produits, photographies sont la propri\u00e9t\u00e9 exclusive de R\u00e9so Logistique ou de ses soci\u00e9t\u00e9s affili\u00e9es. La marque R\u00e9so Logistique et toutes les marques commerciales cit\u00e9es dans ce Site sont des marques d\u00e9pos\u00e9es. Toute repr\u00e9sentation et\/ou reproduction et\/ou exploitation partielle ou totale de ces marques par un tiers est donc prohib\u00e9e. Elle n\u2019engagera par ailleurs d\u2019aucune mani\u00e8re la responsabilit\u00e9 de R\u00e9so Logistique.<\/p>\n\n\n\n<p>Les informations contenues dans ce Site sont non contractuelles et sujettes \u00e0 modification sans pr\u00e9avis.<\/p>\n\n\n\n<p>Les liens hypertextes mis en \u0153uvre au sein du Site en direction d\u2019autres sites et d\u2019une mani\u00e8re g\u00e9n\u00e9rale vers toutes ressources existantes sur internet ne sauraient engager la responsabilit\u00e9 de R\u00e9so Logistique.<\/p>\n\n\n\n<p>L\u2019utilisation du Site s\u2019effectue exclusivement sous la responsabilit\u00e9 de l\u2019utilisateur. Aucune garantie d\u2019aucune sorte, explicite ou implicite, n\u2019est consentie par R\u00e9so Logistique.<\/p>\n\n\n\n<p><\/p>\n\n\n\n<h2 class=\"wp-block-heading\">L\u00e9gislation fran\u00e7aise<\/h2>\n\n\n\n<p>Les pr\u00e9sentes mentions l\u00e9gales et les conditions d\u2019utilisation du Site sont soumises au droit fran\u00e7ais.<\/p>\n\n\n\n<p><\/p>\n\n\n\n<h2 class=\"wp-block-heading\">Donn\u00e9es personnelles<\/h2>\n\n\n\n<p>Au sens du droit applicable en mati\u00e8re de protection des donn\u00e9es personnelles, et notamment au sens du R\u00e8glement G\u00e9n\u00e9ral sur la Protection des Donn\u00e9es (\u00ab RGPD \u00bb) et de la loi No 78-17 du 6 janvier 1978 relative \u00e0 l\u2019informatique, aux fichiers et aux libert\u00e9s, le responsable du traitement des donn\u00e9es personnelles est la soci\u00e9t\u00e9 R\u00e9so Logistique.<\/p>\n\n\n\n<p>Les donn\u00e9es personnelles que nous pouvons recueillir sont les noms, pr\u00e9noms, adresses mail de l\u2019utilisateur du Site. Les donn\u00e9es personnelles sont exclusivement trait\u00e9es par R\u00e9so Logistique. Le traitement des donn\u00e9es personnelles a pour finalit\u00e9 de :<\/p>\n\n\n\n<p>\u2013 Traiter et r\u00e9pondre aux demandes des utilisateurs du Site via la rubrique \u00ab Contact \u00bb et ainsi de leur fournir les informations qu\u2019ils ont sollicit\u00e9es.<\/p>\n\n\n\n<p>Ces informations sont recueillies sur la base de l\u2019int\u00e9r\u00eat l\u00e9gitime poursuivi par R\u00e9so Logistique dans le cadre de la conduite de son activit\u00e9. Les donn\u00e9es personnelles seront conserv\u00e9es :<\/p>\n\n\n\n<p>\u2013 Le temps n\u00e9cessaire pour traiter la demande lorsque l\u2019utilisateur du Site nous a contact\u00e9 via la rubrique \u00ab Contact \u00bb.<\/p>\n\n\n\n<p>L\u2019utilisateur du Site dispose d\u2019un droit d\u2019acc\u00e8s, de rectification, d\u2019effacement des informations personnelles le concernant, ainsi que d\u2019un droit d\u2019opposition ou de limitation du traitement le concernant, qu\u2019il peut exercer \u00e0 tout moment en cliquant sur le\u00a0<strong><a href=\"https:\/\/www.resologistique.fr\/index.php\/formulaire-de-suppression-des-donnees-personnelles\" data-type=\"link\" data-id=\"https:\/\/www.resologistique.fr\/index.php\/formulaire-de-suppression-des-donnees-personnelles\" target=\"_blank\" rel=\"noreferrer noopener\">lien suivant<\/a><\/strong>\u00a0ou en \u00e9crivant \u00e0 :<\/p>\n\n\n\n<p><em>10 rue du Commandant d&rsquo; Estienne d&rsquo;Orves\u2013 92390 Villeneuve-la-Garenne \u2013 France<br>T\u00e9l. : +33 1 56 04 22 30<\/em><\/p>\n\n\n\n<p>L\u2019utilisateur dispose enfin du droit \u00e0 la portabilit\u00e9 de ses donn\u00e9es ainsi que du droit d\u2019introduire une r\u00e9clamation aupr\u00e8s d\u2019une autorit\u00e9 de contr\u00f4le.<\/p>\n\n\n\n<p>Les utilisateurs du Site sont inform\u00e9s que des t\u00e9moins de connexion ou \u00ab cookies \u00bb peuvent \u00eatre temporairement install\u00e9s dans leur terminal (ordinateur, mobile ou tablette), qu\u2019ils sont libres d\u2019accepter ou refuser. Pour plus d\u2019informations, voir notre\u00a0<strong><a href=\"https:\/\/resologistique.fr\/index.php\/cookies\/\" target=\"_blank\" rel=\"noreferrer noopener\">Politique de gestion des Cookies<\/a><\/strong>.<\/p>\n","protected":false},"excerpt":{"rendered":"<p>Le site accessible \u00e0 l\u2019adresse&nbsp;www.resologistique.fr&nbsp;(le \u00ab Site \u00bb) est destin\u00e9 \u00e0 l\u2019information personnelle des utilisateurs. Editeur Le Site est la propri\u00e9t\u00e9 de l\u2019entreprise R\u00e9so Logistique, soci\u00e9t\u00e9 par actions simplifi\u00e9e au capital de 250 000 euros, immatricul\u00e9e au Registre du Commerce <a class=\"more-link\" href=\"https:\/\/resologistique.fr\/index.php\/mentions-legales\/\">Continuer la lecture <span class=\"screen-reader-text\">  Mentions l\u00e9gales<\/span><span class=\"meta-nav\">&rarr;<\/span><\/a><\/p>\n","protected":false},"author":1,"featured_media":0,"parent":0,"menu_order":0,"comment_status":"closed","ping_status":"closed","template":"","meta":{"footnotes":""},"class_list":["post-305","page","type-page","status-publish","hentry"],"_links":{"self":[{"href":"https:\/\/resologistique.fr\/index.php\/wp-json\/wp\/v2\/pages\/305","targetHints":{"allow":["GET"]}}],"collection":[{"href":"https:\/\/resologistique.fr\/index.php\/wp-json\/wp\/v2\/pages"}],"about":[{"href":"https:\/\/resologistique.fr\/index.php\/wp-json\/wp\/v2\/types\/page"}],"author":[{"embeddable":true,"href":"https:\/\/resologistique.fr\/index.php\/wp-json\/wp\/v2\/users\/1"}],"replies":[{"embeddable":true,"href":"https:\/\/resologistique.fr\/index.php\/wp-json\/wp\/v2\/comments?post=305"}],"version-history":[{"count":6,"href":"https:\/\/resologistique.fr\/index.php\/wp-json\/wp\/v2\/pages\/305\/revisions"}],"predecessor-version":[{"id":334,"href":"https:\/\/resologistique.fr\/index.php\/wp-json\/wp\/v2\/pages\/305\/revisions\/334"}],"wp:attachment":[{"href":"https:\/\/resologistique.fr\/index.php\/wp-json\/wp\/v2\/media?parent=305"}],"curies":[{"name":"wp","href":"https:\/\/api.w.org\/{rel}","templated":true}]}}