{"id":324,"date":"2024-04-03T11:53:00","date_gmt":"2024-04-03T09:53:00","guid":{"rendered":"https:\/\/resologistique.fr\/?page_id=324"},"modified":"2024-04-03T12:06:41","modified_gmt":"2024-04-03T10:06:41","slug":"formulaire-de-suppression-des-donnees-personnelles","status":"publish","type":"page","link":"https:\/\/resologistique.fr\/index.php\/formulaire-de-suppression-des-donnees-personnelles\/","title":{"rendered":""},"content":{"rendered":"\n<h2 class=\"wp-block-heading\"><strong>Formulaire de suppression des donn\u00e9es personnelles<\/strong><\/h2>\n\n\n\n<p>Conform\u00e9ment au \u00ab&nbsp;R\u00e8glement G\u00e9n\u00e9ral sur la Protection des Donn\u00e9es&nbsp;\u00bb (RGPD), vous b\u00e9n\u00e9ficiez d\u2019un droit d\u2019acc\u00e8s, de rectification, de portabilit\u00e9 et de suppression des donn\u00e9es personnelles vous concernant. Vous disposez \u00e9galement d\u2019un droit d\u2019opposition au traitement des donn\u00e9es \u00e0 caract\u00e8re personnel vous concernant. Pour demander l\u2019effacement de vos donn\u00e9es personnelles. Merci d\u2019indiquer votre adresse email.<\/p>\n\n\n\n<div class=\"wpforms-container wpforms-container-full\" id=\"wpforms-318\"><form id=\"wpforms-form-318\" class=\"wpforms-validate wpforms-form wpforms-ajax-form\" data-formid=\"318\" method=\"post\" enctype=\"multipart\/form-data\" action=\"\/index.php\/wp-json\/wp\/v2\/pages\/324\" data-token=\"ebb6579c23db5c70ca69279a2701764b\" data-token-time=\"1778765492\"><noscript class=\"wpforms-error-noscript\">Veuillez activer JavaScript dans votre navigateur pour remplir ce formulaire.<\/noscript><div class=\"wpforms-field-container\"><div id=\"wpforms-318-field_1-container\" class=\"wpforms-field wpforms-field-email\" data-field-id=\"1\"><label class=\"wpforms-field-label\" for=\"wpforms-318-field_1\">E-mail <span class=\"wpforms-required-label\">*<\/span><\/label><input type=\"email\" id=\"wpforms-318-field_1\" class=\"wpforms-field-medium wpforms-field-required\" name=\"wpforms[fields][1]\" spellcheck=\"false\" required><\/div><\/div><!-- .wpforms-field-container --><div class=\"wpforms-submit-container\" ><input type=\"hidden\" name=\"wpforms[id]\" value=\"318\"><input type=\"hidden\" name=\"page_title\" value=\"\"><input type=\"hidden\" name=\"page_url\" value=\"https:\/\/resologistique.fr\/index.php\/wp-json\/wp\/v2\/pages\/324\"><input type=\"hidden\" name=\"url_referer\" value=\"\"><button type=\"submit\" name=\"wpforms[submit]\" id=\"wpforms-submit-318\" class=\"wpforms-submit\" data-alt-text=\"Envoi...\" data-submit-text=\"Envoyer\" aria-live=\"assertive\" value=\"wpforms-submit\">Envoyer<\/button><img loading=\"lazy\" decoding=\"async\" src=\"https:\/\/resologistique.fr\/wp-content\/plugins\/wpforms-lite\/assets\/images\/submit-spin.svg\" class=\"wpforms-submit-spinner\" style=\"display: none;\" width=\"26\" height=\"26\" alt=\"Chargement en cours\"><\/div><\/form><\/div>  <!-- .wpforms-container -->\n","protected":false},"excerpt":{"rendered":"<p>Formulaire de suppression des donn\u00e9es personnelles Conform\u00e9ment au \u00ab&nbsp;R\u00e8glement G\u00e9n\u00e9ral sur la Protection des Donn\u00e9es&nbsp;\u00bb (RGPD), vous b\u00e9n\u00e9ficiez d\u2019un droit d\u2019acc\u00e8s, de rectification, de portabilit\u00e9 et de suppression des donn\u00e9es personnelles vous concernant. Vous disposez \u00e9galement d\u2019un droit d\u2019opposition au <a class=\"more-link\" href=\"https:\/\/resologistique.fr\/index.php\/formulaire-de-suppression-des-donnees-personnelles\/\">Continuer la lecture <span class=\"screen-reader-text\">  <\/span><span class=\"meta-nav\">&rarr;<\/span><\/a><\/p>\n","protected":false},"author":1,"featured_media":0,"parent":0,"menu_order":0,"comment_status":"closed","ping_status":"closed","template":"","meta":{"footnotes":""},"class_list":["post-324","page","type-page","status-publish","hentry"],"_links":{"self":[{"href":"https:\/\/resologistique.fr\/index.php\/wp-json\/wp\/v2\/pages\/324","targetHints":{"allow":["GET"]}}],"collection":[{"href":"https:\/\/resologistique.fr\/index.php\/wp-json\/wp\/v2\/pages"}],"about":[{"href":"https:\/\/resologistique.fr\/index.php\/wp-json\/wp\/v2\/types\/page"}],"author":[{"embeddable":true,"href":"https:\/\/resologistique.fr\/index.php\/wp-json\/wp\/v2\/users\/1"}],"replies":[{"embeddable":true,"href":"https:\/\/resologistique.fr\/index.php\/wp-json\/wp\/v2\/comments?post=324"}],"version-history":[{"count":6,"href":"https:\/\/resologistique.fr\/index.php\/wp-json\/wp\/v2\/pages\/324\/revisions"}],"predecessor-version":[{"id":332,"href":"https:\/\/resologistique.fr\/index.php\/wp-json\/wp\/v2\/pages\/324\/revisions\/332"}],"wp:attachment":[{"href":"https:\/\/resologistique.fr\/index.php\/wp-json\/wp\/v2\/media?parent=324"}],"curies":[{"name":"wp","href":"https:\/\/api.w.org\/{rel}","templated":true}]}}