{"id":350,"date":"2024-05-30T09:26:53","date_gmt":"2024-05-30T07:26:53","guid":{"rendered":"https:\/\/resologistique.fr\/?page_id=350"},"modified":"2024-05-30T09:26:53","modified_gmt":"2024-05-30T07:26:53","slug":"confirmation-de-controle-periodique","status":"publish","type":"page","link":"https:\/\/resologistique.fr\/index.php\/confirmation-de-controle-periodique\/","title":{"rendered":"Confirmation de contr\u00f4le p\u00e9riodique"},"content":{"rendered":"\n<p><\/p>\n\n\n\n<p>Nous avons pris votre demande de contr\u00f4le p\u00e9riodique en compte ! Nous reviendrons vers vous rapidement. <\/p>\n\n\n\n<p><a href=\"https:\/\/resologistique.fr\/\">Retour \u00e0 l&rsquo;accueil<\/a><\/p>\n","protected":false},"excerpt":{"rendered":"<p>Nous avons pris votre demande de contr\u00f4le p\u00e9riodique en compte ! Nous reviendrons vers vous rapidement. Retour \u00e0 l&rsquo;accueil<\/p>\n","protected":false},"author":1,"featured_media":0,"parent":0,"menu_order":0,"comment_status":"closed","ping_status":"closed","template":"","meta":{"footnotes":""},"class_list":["post-350","page","type-page","status-publish","hentry"],"_links":{"self":[{"href":"https:\/\/resologistique.fr\/index.php\/wp-json\/wp\/v2\/pages\/350","targetHints":{"allow":["GET"]}}],"collection":[{"href":"https:\/\/resologistique.fr\/index.php\/wp-json\/wp\/v2\/pages"}],"about":[{"href":"https:\/\/resologistique.fr\/index.php\/wp-json\/wp\/v2\/types\/page"}],"author":[{"embeddable":true,"href":"https:\/\/resologistique.fr\/index.php\/wp-json\/wp\/v2\/users\/1"}],"replies":[{"embeddable":true,"href":"https:\/\/resologistique.fr\/index.php\/wp-json\/wp\/v2\/comments?post=350"}],"version-history":[{"count":1,"href":"https:\/\/resologistique.fr\/index.php\/wp-json\/wp\/v2\/pages\/350\/revisions"}],"predecessor-version":[{"id":351,"href":"https:\/\/resologistique.fr\/index.php\/wp-json\/wp\/v2\/pages\/350\/revisions\/351"}],"wp:attachment":[{"href":"https:\/\/resologistique.fr\/index.php\/wp-json\/wp\/v2\/media?parent=350"}],"curies":[{"name":"wp","href":"https:\/\/api.w.org\/{rel}","templated":true}]}}