{"id":390,"date":"2025-11-04T18:52:06","date_gmt":"2025-11-04T17:52:06","guid":{"rendered":"https:\/\/resologistique.fr\/?page_id=390"},"modified":"2025-11-12T16:39:36","modified_gmt":"2025-11-12T15:39:36","slug":"info_reso","status":"publish","type":"page","link":"https:\/\/resologistique.fr\/index.php\/info_reso\/","title":{"rendered":""},"content":{"rendered":"\n<h2 class=\"wp-block-heading\">Nouveau Portail Reso Logistique<\/h2>\n\n\n\n<p>Chers clients,<\/p>\n\n\n\n<p>Le portail Reso Logistique a \u00e9volu\u00e9 en ce d\u00e9but d&rsquo;apr\u00e8s midi du 12 novembre 2025.<\/p>\n\n\n\n<p>Une \u00e9volution pour plus de s\u00e9curit\u00e9 (int\u00e9gration h\u00e9bergement groupe SafePlace) et de fonctionnalit\u00e9s \u00e0 venir.<\/p>\n\n\n\n<p>Pour joindre le nouveau portail, vous pouvez utiliser l&rsquo;adresse <a href=\"https:\/\/client.resologistique.fr\" target=\"_blank\" rel=\"noreferrer noopener\">https:\/\/client.resologistique.fr<\/a><\/p>\n\n\n\n<p>Penser aussi \u00e0 modifier vos raccourcis ou favoris si vous acc\u00e9diez \u00e0 l&rsquo;ancien portail sans passer par le site resologistique.fr<\/p>\n\n\n\n<p><\/p>\n\n\n\n<p><\/p>\n\n\n\n<p><\/p>\n","protected":false},"excerpt":{"rendered":"<p>Nouveau Portail Reso Logistique Chers clients, Le portail Reso Logistique a \u00e9volu\u00e9 en ce d\u00e9but d&rsquo;apr\u00e8s midi du 12 novembre 2025. Une \u00e9volution pour plus de s\u00e9curit\u00e9 (int\u00e9gration h\u00e9bergement groupe SafePlace) et de fonctionnalit\u00e9s \u00e0 venir. Pour joindre le nouveau <a class=\"more-link\" href=\"https:\/\/resologistique.fr\/index.php\/info_reso\/\">Continuer la lecture <span class=\"screen-reader-text\">  <\/span><span class=\"meta-nav\">&rarr;<\/span><\/a><\/p>\n","protected":false},"author":1,"featured_media":0,"parent":0,"menu_order":0,"comment_status":"closed","ping_status":"closed","template":"","meta":{"footnotes":""},"class_list":["post-390","page","type-page","status-publish","hentry"],"_links":{"self":[{"href":"https:\/\/resologistique.fr\/index.php\/wp-json\/wp\/v2\/pages\/390","targetHints":{"allow":["GET"]}}],"collection":[{"href":"https:\/\/resologistique.fr\/index.php\/wp-json\/wp\/v2\/pages"}],"about":[{"href":"https:\/\/resologistique.fr\/index.php\/wp-json\/wp\/v2\/types\/page"}],"author":[{"embeddable":true,"href":"https:\/\/resologistique.fr\/index.php\/wp-json\/wp\/v2\/users\/1"}],"replies":[{"embeddable":true,"href":"https:\/\/resologistique.fr\/index.php\/wp-json\/wp\/v2\/comments?post=390"}],"version-history":[{"count":14,"href":"https:\/\/resologistique.fr\/index.php\/wp-json\/wp\/v2\/pages\/390\/revisions"}],"predecessor-version":[{"id":410,"href":"https:\/\/resologistique.fr\/index.php\/wp-json\/wp\/v2\/pages\/390\/revisions\/410"}],"wp:attachment":[{"href":"https:\/\/resologistique.fr\/index.php\/wp-json\/wp\/v2\/media?parent=390"}],"curies":[{"name":"wp","href":"https:\/\/api.w.org\/{rel}","templated":true}]}}