{"id":7,"date":"2018-01-04T19:13:04","date_gmt":"2018-01-04T18:13:04","guid":{"rendered":"http:\/\/test.e-reso.fr\/?page_id=7"},"modified":"2025-08-20T10:20:35","modified_gmt":"2025-08-20T08:20:35","slug":"accueil","status":"publish","type":"page","link":"https:\/\/resologistique.fr\/","title":{"rendered":""},"content":{"rendered":"<h3><img loading=\"lazy\" decoding=\"async\" class=\"alignnone wp-image-117 size-full\" src=\"https:\/\/resologistique.acsp.io\/wp-content\/uploads\/2018\/01\/Bandeau_inf.jpg\" alt=\"\" width=\"1000\" height=\"114\" srcset=\"https:\/\/resologistique.fr\/wp-content\/uploads\/2018\/01\/Bandeau_inf.jpg 1000w, https:\/\/resologistique.fr\/wp-content\/uploads\/2018\/01\/Bandeau_inf-300x34.jpg 300w, https:\/\/resologistique.fr\/wp-content\/uploads\/2018\/01\/Bandeau_inf-768x88.jpg 768w\" sizes=\"auto, (max-width: 1000px) 100vw, 1000px\" \/><\/h3>\n<h3>Tous les mat\u00e9riels, appareils et outillages pour la r\u00e9alisation de vos chantiers.<\/h3>\n<p>Travail en hauteur, mat\u00e9riel de levage, manutention, outillages, contr\u00f4les et mesures, rangement, installation de chantiers, tirage de c\u00e2bles\u2026<\/p>\n<p>Retrouvez tous les produits disponibles \u00e0 la location incluant une large gamme de services associ\u00e9s.<\/p>\n<p><img loading=\"lazy\" decoding=\"async\" class=\"alignnone wp-image-217 size-full\" src=\"https:\/\/resologistique.fr\/wp-content\/uploads\/2023\/11\/reso-logistique-batiment-e1516295243867.png\" alt=\"\" width=\"292\" height=\"162\" \/><\/p>\n\n\n<div class=\"wp-block-group\"><div class=\"wp-block-group__inner-container is-layout-constrained wp-block-group-is-layout-constrained\"><\/div><\/div>\n","protected":false},"excerpt":{"rendered":"<p>Tous les mat\u00e9riels, appareils et outillages pour la r\u00e9alisation de vos chantiers. Travail en hauteur, mat\u00e9riel de levage, manutention, outillages, contr\u00f4les et mesures, rangement, installation de chantiers, tirage de c\u00e2bles\u2026 Retrouvez tous les produits disponibles \u00e0 la location incluant une <a class=\"more-link\" href=\"https:\/\/resologistique.fr\/\">Continuer la lecture <span class=\"screen-reader-text\">  <\/span><span class=\"meta-nav\">&rarr;<\/span><\/a><\/p>\n","protected":false},"author":1,"featured_media":0,"parent":0,"menu_order":0,"comment_status":"closed","ping_status":"closed","template":"","meta":{"footnotes":""},"class_list":["post-7","page","type-page","status-publish","hentry"],"_links":{"self":[{"href":"https:\/\/resologistique.fr\/index.php\/wp-json\/wp\/v2\/pages\/7","targetHints":{"allow":["GET"]}}],"collection":[{"href":"https:\/\/resologistique.fr\/index.php\/wp-json\/wp\/v2\/pages"}],"about":[{"href":"https:\/\/resologistique.fr\/index.php\/wp-json\/wp\/v2\/types\/page"}],"author":[{"embeddable":true,"href":"https:\/\/resologistique.fr\/index.php\/wp-json\/wp\/v2\/users\/1"}],"replies":[{"embeddable":true,"href":"https:\/\/resologistique.fr\/index.php\/wp-json\/wp\/v2\/comments?post=7"}],"version-history":[{"count":22,"href":"https:\/\/resologistique.fr\/index.php\/wp-json\/wp\/v2\/pages\/7\/revisions"}],"predecessor-version":[{"id":386,"href":"https:\/\/resologistique.fr\/index.php\/wp-json\/wp\/v2\/pages\/7\/revisions\/386"}],"wp:attachment":[{"href":"https:\/\/resologistique.fr\/index.php\/wp-json\/wp\/v2\/media?parent=7"}],"curies":[{"name":"wp","href":"https:\/\/api.w.org\/{rel}","templated":true}]}}