{"id":88,"date":"2018-01-09T19:32:44","date_gmt":"2018-01-09T18:32:44","guid":{"rendered":"http:\/\/test.e-reso.fr\/?page_id=88"},"modified":"2024-01-03T11:56:37","modified_gmt":"2024-01-03T10:56:37","slug":"salle-de-reunion","status":"publish","type":"page","link":"https:\/\/resologistique.fr\/index.php\/salle-de-reunion\/","title":{"rendered":"Service de salle de r\u00e9union"},"content":{"rendered":"<p>Salle \u00e9quip\u00e9e de 45 m\u00b2 (rez de chauss\u00e9e) avec surface disponible au sein de l\u2019entrep\u00f4t pour des pr\u00e9sentations et r\u00e9unions<\/p>\n<p>(Hors prestations suppl\u00e9mentaires type petits d\u00e9jeuners, plateaux repas\u2026)<\/p>\n<p>Contactez-nous pour conna\u00eetre les tarifs<\/p>\n","protected":false},"excerpt":{"rendered":"<p>Salle \u00e9quip\u00e9e de 45 m\u00b2 (rez de chauss\u00e9e) avec surface disponible au sein de l\u2019entrep\u00f4t pour des pr\u00e9sentations et r\u00e9unions (Hors prestations suppl\u00e9mentaires type petits d\u00e9jeuners, plateaux repas\u2026) Contactez-nous pour conna\u00eetre les tarifs<\/p>\n","protected":false},"author":1,"featured_media":0,"parent":0,"menu_order":0,"comment_status":"closed","ping_status":"closed","template":"","meta":{"footnotes":""},"class_list":["post-88","page","type-page","status-publish","hentry"],"_links":{"self":[{"href":"https:\/\/resologistique.fr\/index.php\/wp-json\/wp\/v2\/pages\/88","targetHints":{"allow":["GET"]}}],"collection":[{"href":"https:\/\/resologistique.fr\/index.php\/wp-json\/wp\/v2\/pages"}],"about":[{"href":"https:\/\/resologistique.fr\/index.php\/wp-json\/wp\/v2\/types\/page"}],"author":[{"embeddable":true,"href":"https:\/\/resologistique.fr\/index.php\/wp-json\/wp\/v2\/users\/1"}],"replies":[{"embeddable":true,"href":"https:\/\/resologistique.fr\/index.php\/wp-json\/wp\/v2\/comments?post=88"}],"version-history":[{"count":4,"href":"https:\/\/resologistique.fr\/index.php\/wp-json\/wp\/v2\/pages\/88\/revisions"}],"predecessor-version":[{"id":298,"href":"https:\/\/resologistique.fr\/index.php\/wp-json\/wp\/v2\/pages\/88\/revisions\/298"}],"wp:attachment":[{"href":"https:\/\/resologistique.fr\/index.php\/wp-json\/wp\/v2\/media?parent=88"}],"curies":[{"name":"wp","href":"https:\/\/api.w.org\/{rel}","templated":true}]}}