{"id":9,"date":"2018-01-04T19:13:04","date_gmt":"2018-01-04T18:13:04","guid":{"rendered":"http:\/\/test.e-reso.fr\/?page_id=9"},"modified":"2024-01-03T11:20:51","modified_gmt":"2024-01-03T10:20:51","slug":"contact","status":"publish","type":"page","link":"https:\/\/resologistique.fr\/index.php\/contact\/","title":{"rendered":"Contact"},"content":{"rendered":"<hr \/>\n\n<table id=\"tablepress-2\" class=\"tablepress tablepress-id-2\">\n<tbody class=\"row-hover\">\n<tr class=\"row-1\">\n\t<td class=\"column-1\"><img loading=\"lazy\" decoding=\"async\" src=\"https:\/\/resologistique.fr\/wp-content\/uploads\/2018\/01\/telephone-1.png\" alt=\"\" width=\"20\" height=\"35\" class=\"alignnone size-full wp-image-180\" \/><\/td><td class=\"column-2\"><strong>Standard - 01 56 04 22 30<\/strong><br \/>\nFrancis VANUXEM (Chef d\u2019entreprise)<br \/>\n01 56 04 22 31<br \/>\nMohamed BENCHERIF (Responsable d\u2019exploitation)<br \/>\n01 56 04 22 33<br \/>\nFr\u00e9d\u00e9rique CLAVEAU (Responsable administratif et financier)<br \/>\n01 56 04 22 34<br \/>\nCorinne BARROIS (Assistante administrative)<br \/>\n01 56 04 22 35<br \/>\nLydia BISCHOFF (charg\u00e9 de client\u00e8le)<br \/>\n01 56 04 22 32<br \/>\n<\/td><td class=\"column-3\"><\/td>\n<\/tr>\n<tr class=\"row-2\">\n\t<td class=\"column-1\"><img loading=\"lazy\" decoding=\"async\" src=\"https:\/\/resologistique.fr\/wp-content\/uploads\/2018\/01\/mail-1.png\" alt=\"\" width=\"30\" height=\"35\" class=\"alignnone size-full wp-image-181\" \/><\/td><td class=\"column-2\">reso@resologistique.fr<\/td><td class=\"column-3\"><\/td>\n<\/tr>\n<tr class=\"row-3\">\n\t<td class=\"column-1\"><img loading=\"lazy\" decoding=\"async\" src=\"https:\/\/resologistique.fr\/wp-content\/uploads\/2018\/01\/fax-1.png\" alt=\"\" width=\"30\" height=\"35\" class=\"alignnone size-full wp-image-182\" \/><\/td><td class=\"column-2\">01 56 04 22 40<\/td><td class=\"column-3\"><\/td>\n<\/tr>\n<tr class=\"row-4\">\n\t<td class=\"column-1\"><\/td><td class=\"column-2\"><div><\/div>\r\n<mappress-map class='mapp-layout ' height='300px' layout='left' mapid='1' maptypeid='roadmap' name='mapp0' oid='9' otype='post' style='width: 300px;height: 300px;' width='300px'>\r\n\r\n\t<poi address='10 Rue du Commandant d&apos;Estienne d&apos;Orves, 92390 Villeneuve-la-Garenne, France' point='48.9416087,2.31028' props='[]' title='10 Rue du Commandant d&apos;Estienne d&apos;Orves' viewport='48.940259719709,2.3089310197086,48.942957680291,2.3116289802915'>\r\n\t\t<p>92390 Villeneuve-la-Garenne<\/p><p>France<\/p>\r\n\t<\/poi>\r\n<\/mappress-map>\r\n<br \/>\n<\/td><td class=\"column-3\"><\/td>\n<\/tr>\n<tr class=\"row-5\">\n\t<td class=\"column-1\"><img loading=\"lazy\" decoding=\"async\" src=\"https:\/\/resologistique.fr\/wp-content\/uploads\/2018\/01\/gps.png\" alt=\"\" width=\"30\" height=\"19\" class=\"alignnone size-full wp-image-184\" \/><\/td><td class=\"column-2\">Rentrer dans votre GPS les coordonn\u00e9es suivantes, qui vous dirige jusqu'\u00e0 l'entr\u00e9e du Parc des Chanteraines :<br \/>\n139 boulevard Charles de Gaulle<br \/>\n92390 VILLENEUVE LA GARENNE<br \/>\nIl suffit ensuite de vous rendre au n\u00b0 10 de la rue du Commandant d\u2019Estienne d\u2019Orves. <\/td><td class=\"column-3\"><\/td>\n<\/tr>\n<tr class=\"row-6\">\n\t<td class=\"column-1\"><img loading=\"lazy\" decoding=\"async\" src=\"https:\/\/resologistique.fr\/wp-content\/uploads\/2018\/01\/voiture.png\" alt=\"\" width=\"30\" height=\"26\" class=\"alignnone size-full wp-image-183\" \/><\/td><td class=\"column-2\"><strong>En provenance de l\u2019autoroute A1 de Lille, nord de Paris, Roissy, Le Bourget\u2026<\/strong><br \/>\nPrendre direction A86 \u2013 Nanterre - La D\u00e9fense - Cergy Pontoise<br \/>\nSortie n\u00b0 5-1 \u00ab Gennevilliers Les Louvresses \u00bb<br \/>\nLonger la cl\u00f4ture du p\u00e9rim\u00e8tre THALES qui se trouve sur votre droite<br \/>\nAu 1er rond-point, prendre \u00e0 gauche<br \/>\nAu rond-point suivant, prendre tout droit en situant l\u2019immeuble Groupe Ch\u00e8que D\u00e9jeuner sur votre gauche<br \/>\nAu feu tricolore, prendre \u00e0 droite le boulevard Dequevauvilliers (commune de Gennevilliers)<br \/>\nVous roulez alors sur la D9 qui se poursuit sur la commune de Villeneuve la Garenne (boulevard Charles de Gaulle) puis prendre \u00e0 droite la rue du Commandant d\u2019Estienne d\u2019Orves \u00e0 l\u2019entr\u00e9e du Parc d\u2019activit\u00e9s des Chanteraines et vous rendre au n\u00b0 10<br \/>\n<br \/>\n<strong>En provenance de l\u2019autoroute A86 de Nanterre, La D\u00e9fense, ouest parisien\u2026<\/strong><br \/>\nPrendre direction A86 \u2013 Saint Denis \u2013 A\u00e9roport Charles de Gaulle<br \/>\nPrendre sortie A15 Cergy Pontoise \u2013 Gennevilliers Village<br \/>\nContinuer tout droit direction D911 Gennevilliers Village<br \/>\nApr\u00e8s le feu tricolore, prendre \u00e0 gauche D911 Avenue Marcel Paul en direction d\u2019Epinay sur Seine \u2013 Gennevilliers Port<br \/>\nBien se mettre sur la droite sur cette avenue en direction d\u2019Epinay sur Seine<br \/>\nRouler pendant 700 \/ 800 m\u00e8tres et au feu de croisement avec la D9 prendre a droite boulevard Dequevauvilliers en direction de Villeneuve la Garenne<br \/>\nApr\u00e8s le panneau signalant l\u2019entr\u00e9e sur la commune de Villeneuve la Garenne (boulevard Charles de Gaulle), prendre 300 m\u00e8tres plus loin \u00e0 droite la rue du Commandant d\u2019Estienne d\u2019Orves \u00e0 l\u2019entr\u00e9e du Parc d\u2019activit\u00e9s des Chanteraines et vous rendre au n\u00b0 10<\/td><td class=\"column-3\"><\/td>\n<\/tr>\n<tr class=\"row-7\">\n\t<td class=\"column-1\"><img loading=\"lazy\" decoding=\"async\" src=\"https:\/\/resologistique.fr\/wp-content\/uploads\/2018\/01\/bus.png\" alt=\"\" width=\"30\" height=\"36\" class=\"alignnone size-full wp-image-185\" \/><\/td><td class=\"column-2\"><strong>Depuis la station RER C \u00abGennevilliers\u00bb<\/strong><br \/>\nPrendre la navette Parc des \u00abChanteraines\u00bb gratuite (22 places) qui dessert le parc (fr\u00e9quence \u00bd heure matin et soir, fr\u00e9quence 15 mn le midi)<br \/>\n<br \/>\n<strong>Depuis la station RER C \u00ables Gr\u00e9sillons\u00bb<\/strong><br \/>\nPrendre le bus 177 jusqu\u2019\u00e0 l\u2019arr\u00eat \u00abVilleneuve la Garenne \u2013ZI Nord \u00bb puis marcher (m\u00eame sens) le long du boulevard Charles de Gaulle pour rejoindre le parc d\u2019activit\u00e9s<br \/>\n<br \/>\n<strong>Depuis la station RER C \u00abEpinay sur Seine\u00bb<\/strong><br \/>\nPrendre le bus 261 jusqu\u2019\u00e0 l\u2019arr\u00eat \u00ab Commandant d\u2019Estienne d\u2019Orves \u00bb qui se trouve tout pr\u00e8s de l\u2019entr\u00e9e du parc d\u2019activit\u00e9s<br \/>\n<br \/>\n<strong>Depuis la station de m\u00e9tro ligne 13 \u00abMairie de Saint Ouen\u00bb<\/strong><br \/>\nPrendre le bus 137 jusqu\u2019\u00e0 l\u2019arr\u00eat \u00abVilleneuve la Garenne - ZI Nord \u00bb puis marcher (m\u00eame sens) le long du boulevard Charles de Gaulle pour rejoindre le parc d\u2019activit\u00e9s<br \/>\n<br \/>\nLa ligne T1 du tramway Asni\u00e8res Gennevilliers \u2013 Gare de Noisy le Sec dessert aussi Villeneuve la Garenne<\/td><td class=\"column-3\"><\/td>\n<\/tr>\n<\/tbody>\n<\/table>\n<!-- #tablepress-2 from cache -->\n","protected":false},"excerpt":{"rendered":"","protected":false},"author":1,"featured_media":4,"parent":0,"menu_order":0,"comment_status":"closed","ping_status":"closed","template":"","meta":{"footnotes":""},"class_list":["post-9","page","type-page","status-publish","has-post-thumbnail","hentry"],"_links":{"self":[{"href":"https:\/\/resologistique.fr\/index.php\/wp-json\/wp\/v2\/pages\/9","targetHints":{"allow":["GET"]}}],"collection":[{"href":"https:\/\/resologistique.fr\/index.php\/wp-json\/wp\/v2\/pages"}],"about":[{"href":"https:\/\/resologistique.fr\/index.php\/wp-json\/wp\/v2\/types\/page"}],"author":[{"embeddable":true,"href":"https:\/\/resologistique.fr\/index.php\/wp-json\/wp\/v2\/users\/1"}],"replies":[{"embeddable":true,"href":"https:\/\/resologistique.fr\/index.php\/wp-json\/wp\/v2\/comments?post=9"}],"version-history":[{"count":9,"href":"https:\/\/resologistique.fr\/index.php\/wp-json\/wp\/v2\/pages\/9\/revisions"}],"predecessor-version":[{"id":283,"href":"https:\/\/resologistique.fr\/index.php\/wp-json\/wp\/v2\/pages\/9\/revisions\/283"}],"wp:featuredmedia":[{"embeddable":true,"href":"https:\/\/resologistique.fr\/index.php\/wp-json\/wp\/v2\/media\/4"}],"wp:attachment":[{"href":"https:\/\/resologistique.fr\/index.php\/wp-json\/wp\/v2\/media?parent=9"}],"curies":[{"name":"wp","href":"https:\/\/api.w.org\/{rel}","templated":true}]}}